{"id":49934,"date":"2021-04-22T21:27:54","date_gmt":"2021-04-22T21:27:54","guid":{"rendered":"https:\/\/groupebanco.com\/find-a-banco\/banco-boul-leger\/"},"modified":"2025-03-11T17:57:04","modified_gmt":"2025-03-11T17:57:04","slug":"banco-boul-leger","status":"publish","type":"page","link":"https:\/\/groupebanco.com\/en\/find-a-banco\/banco-boul-leger\/","title":{"rendered":"Banco Boul. L\u00e9ger"},"content":{"rendered":"\t\t<div data-elementor-type=\"wp-page\" data-elementor-id=\"49934\" class=\"elementor elementor-49934 elementor-49929\">\n\t\t\t\t\t\t<section class=\"elementor-section elementor-top-section elementor-element elementor-element-0885e32 elementor-section-stretched elementor-section-boxed elementor-section-height-default elementor-section-height-default\" data-id=\"0885e32\" data-element_type=\"section\" data-settings=\"{&quot;stretch_section&quot;:&quot;section-stretched&quot;}\">\n\t\t\t\t\t\t<div class=\"elementor-container elementor-column-gap-default\">\n\t\t\t\t\t<div class=\"elementor-column elementor-col-33 elementor-top-column elementor-element elementor-element-19a0096\" data-id=\"19a0096\" data-element_type=\"column\">\n\t\t\t<div class=\"elementor-widget-wrap elementor-element-populated\">\n\t\t\t\t\t\t<div class=\"elementor-element elementor-element-c9af988 elementor-widget elementor-widget-heading\" data-id=\"c9af988\" data-element_type=\"widget\" data-widget_type=\"heading.default\">\n\t\t\t\t<div class=\"elementor-widget-container\">\n\t\t\t\t\t<h2 class=\"elementor-heading-title elementor-size-default\">Banco Boul. L\u00e9ger<\/h2>\t\t\t\t<\/div>\n\t\t\t\t<\/div>\n\t\t\t\t<div class=\"elementor-element elementor-element-42bac92 elementor-widget elementor-widget-text-editor\" data-id=\"42bac92\" data-element_type=\"widget\" data-widget_type=\"text-editor.default\">\n\t\t\t\t<div class=\"elementor-widget-container\">\n\t\t\t\t\t\t\t\t\t<p><strong style=\"margin: 0px; padding: 0px; border: 0px; outline: 0px; font-size: 14.4px; vertical-align: baseline; background: #ffffff; color: #555555; font-family: 'Helvetica Neue', Helvetica, Arial, sans-serif;\">6217 boul. L\u00e9ger<\/strong><br style=\"color: #555555; font-family: 'Helvetica Neue', Helvetica, Arial, sans-serif; font-size: 14.4px; background-color: #ffffff;\" \/><strong style=\"margin: 0px; padding: 0px; border: 0px; outline: 0px; font-size: 14.4px; vertical-align: baseline; background: #ffffff; color: #555555; font-family: 'Helvetica Neue', Helvetica, Arial, sans-serif;\">Montr\u00e9al-Nord<\/strong><br style=\"color: #555555; font-family: 'Helvetica Neue', Helvetica, Arial, sans-serif; font-size: 14.4px; background-color: #ffffff;\" \/><strong style=\"margin: 0px; padding: 0px; border: 0px; outline: 0px; font-size: 14.4px; vertical-align: baseline; background: #ffffff; color: #555555; font-family: 'Helvetica Neue', Helvetica, Arial, sans-serif;\">H1G 6K8<\/strong><\/p><p><span style=\"color: #555555; font-family: 'Helvetica Neue', Helvetica, Arial, sans-serif; font-size: 14.4px; background-color: #ffffff;\">Phone: 514.329.3325<\/span><\/p><p><span style=\"color: #555555; font-family: 'Helvetica Neue', Helvetica, Arial, sans-serif; font-size: 14.4px; background-color: #ffffff;\">Email: <\/span><span style=\"text-decoration: underline;\"><span style=\"color: #ff0000;\"><a style=\"outline: none; margin: 0px; padding: 0px; border: 0px; font-size: 14.4px; vertical-align: baseline; background: #ffffff; color: #ff0000; cursor: pointer; font-family: 'Helvetica Neue', Helvetica, Arial, sans-serif; text-decoration: underline;\" href=\"mailto:bancoleger@gmail.com\">bancoleger@gmail.com<\/a><\/span><\/span><\/p><p>Facebook: <span style=\"text-decoration: underline;\"><span style=\"color: #ff0000;\"><a style=\"color: #ff0000; text-decoration: underline;\" href=\"https:\/\/www.facebook.com\/banco.leger\" target=\"_blank\" rel=\"noopener\">https:\/\/www.facebook.com\/banco.leger<\/a><\/span><\/span><\/p>\t\t\t\t\t\t\t\t<\/div>\n\t\t\t\t<\/div>\n\t\t\t\t\t<\/div>\n\t\t<\/div>\n\t\t\t\t<div class=\"elementor-column elementor-col-33 elementor-top-column elementor-element elementor-element-df30169\" data-id=\"df30169\" data-element_type=\"column\">\n\t\t\t<div class=\"elementor-widget-wrap elementor-element-populated\">\n\t\t\t\t\t\t<div class=\"elementor-element elementor-element-c640413 elementor-widget elementor-widget-text-editor\" data-id=\"c640413\" data-element_type=\"widget\" data-widget_type=\"text-editor.default\">\n\t\t\t\t<div class=\"elementor-widget-container\">\n\t\t\t\t\t\t\t\t\t<table width=\"320\" cellspacing=\"0\" cellpadding=\"0\"><tbody><tr><td colspan=\"2\"><h3><strong>Opening hours<\/strong><\/h3><\/td><\/tr><tr><td>Sunday<\/td><td>10 h 00 \u2013 17 h 00<\/td><\/tr><tr><td>Monday<\/td><td>9 h 00 \u2013 21 h 00<\/td><\/tr><tr><td>Tuesday<\/td><td>9 h 00 \u2013 21 h 00<\/td><\/tr><tr><td>Wednesday<\/td><td>9 h 00 \u2013 21 h 00<\/td><\/tr><tr><td>Thursday<\/td><td>9 h 00 \u2013 21 h 00<\/td><\/tr><tr><td>Friday<\/td><td>9 h 00 \u2013 21 h 00<\/td><\/tr><tr><td>Saturday<\/td><td>10 h 00 \u2013 17 h 00<\/td><\/tr><\/tbody><\/table>\t\t\t\t\t\t\t\t<\/div>\n\t\t\t\t<\/div>\n\t\t\t\t\t<\/div>\n\t\t<\/div>\n\t\t\t\t<div class=\"elementor-column elementor-col-33 elementor-top-column elementor-element elementor-element-261d693\" data-id=\"261d693\" data-element_type=\"column\">\n\t\t\t<div class=\"elementor-widget-wrap elementor-element-populated\">\n\t\t\t\t\t\t<div class=\"elementor-element elementor-element-e49f6ed elementor-widget elementor-widget-bwp_image\" data-id=\"e49f6ed\" data-element_type=\"widget\" data-widget_type=\"bwp_image.default\">\n\t\t\t\t<div class=\"elementor-widget-container\">\n\t\t\t\t\t<div class=\"bwp-widget-banner default4\">\r\n\t\t\r\n\t<div class=\"bg-banner\">\t\t\r\n\t\t<div class=\"banner-wrapper banners\">\r\n\t\t\t<div class=\"bwp-image\">\r\n\t\t\t\t\t\t\t\t<a href=\"https:\/\/groupebanco.com\/en\/find-a-banco\/\">\r\n\t\t\t\t\t\t<img decoding=\"async\" src=\"https:\/\/groupebanco.com\/wp-content\/uploads\/2025\/03\/16Trouver_Banco_en.png\" alt=\"\"><\/a>\r\n\t\t\t\t\t\t\t<\/div>\r\n\t\t\t<div class=\"banner-wrapper-infor\">\r\n\t\t\t\t\t\t\t\t\t\t\t\t\t\t\t\t\t\t\t\t<a class=\"button\" href=\"https:\/\/groupebanco.com\/en\/find-a-banco\/\">\r\n\t\t\t\t\t\t<\/a>\t\t\t\t\t\t\r\n\t\t\t\t\t\t\t<\/div>\r\n\t\t<\/div>\r\n\t<\/div>\r\n\t<\/div>\r\n\t\t\t\t<\/div>\n\t\t\t\t<\/div>\n\t\t\t\t\t<\/div>\n\t\t<\/div>\n\t\t\t\t\t<\/div>\n\t\t<\/section>\n\t\t\t\t<section class=\"elementor-section elementor-top-section elementor-element elementor-element-d0ca477 elementor-section-boxed elementor-section-height-default elementor-section-height-default\" data-id=\"d0ca477\" data-element_type=\"section\">\n\t\t\t\t\t\t<div class=\"elementor-container elementor-column-gap-default\">\n\t\t\t\t\t<div class=\"elementor-column elementor-col-100 elementor-top-column elementor-element elementor-element-813abf1\" data-id=\"813abf1\" data-element_type=\"column\">\n\t\t\t<div class=\"elementor-widget-wrap elementor-element-populated\">\n\t\t\t\t\t\t<div class=\"elementor-element elementor-element-1b6e975 elementor-widget elementor-widget-google_maps\" data-id=\"1b6e975\" data-element_type=\"widget\" data-widget_type=\"google_maps.default\">\n\t\t\t\t<div class=\"elementor-widget-container\">\n\t\t\t\t\t\t\t<div class=\"elementor-custom-embed\">\n\t\t\t<iframe loading=\"lazy\"\n\t\t\t\t\tsrc=\"https:\/\/maps.google.com\/maps?q=6217%20boul.%20L%C3%A9ger%20Montr%C3%A9al-Nord%20H1G%206K8&#038;t=m&#038;z=10&#038;output=embed&#038;iwloc=near\"\n\t\t\t\t\ttitle=\"6217 boul. L\u00e9ger Montr\u00e9al-Nord H1G 6K8\"\n\t\t\t\t\taria-label=\"6217 boul. L\u00e9ger Montr\u00e9al-Nord H1G 6K8\"\n\t\t\t><\/iframe>\n\t\t<\/div>\n\t\t\t\t\t\t<\/div>\n\t\t\t\t<\/div>\n\t\t\t\t\t<\/div>\n\t\t<\/div>\n\t\t\t\t\t<\/div>\n\t\t<\/section>\n\t\t\t\t<\/div>\n\t\t","protected":false},"excerpt":{"rendered":"<p>Banco Boul. L\u00e9ger 6217 boul. L\u00e9gerMontr\u00e9al-NordH1G 6K8 Phone: 514.329.3325 Email: bancoleger@gmail.com Facebook: https:\/\/www.facebook.com\/banco.leger Opening hours Sunday 10 h 00 \u2013 17 h 00 Monday 9 h 00 \u2013 21 h 00 Tuesday 9 h 00 \u2013 21 h 00 Wednesday 9 h 00 \u2013 21 h 00 Thursday 9 h 00 \u2013 21 h 00 [&hellip;]<\/p>\n","protected":false},"author":1,"featured_media":0,"parent":49868,"menu_order":0,"comment_status":"closed","ping_status":"closed","template":"","meta":{"footnotes":""},"class_list":["post-49934","page","type-page","status-publish","hentry"],"yoast_head":"<!-- This site is optimized with the Yoast SEO plugin v25.8 - https:\/\/yoast.com\/wordpress\/plugins\/seo\/ -->\n<title>Banco Boul. L\u00e9ger - Find a Banco - Groupe Banco - 16 stores<\/title>\n<meta name=\"description\" content=\"Several branches to better serve you. Find the Banco closest to you.\" \/>\n<meta name=\"robots\" content=\"index, follow, max-snippet:-1, max-image-preview:large, max-video-preview:-1\" \/>\n<link rel=\"canonical\" href=\"https:\/\/groupebanco.com\/en\/find-a-banco\/banco-boul-leger\/\" \/>\n<meta property=\"og:locale\" content=\"en_US\" \/>\n<meta property=\"og:type\" content=\"article\" \/>\n<meta property=\"og:title\" content=\"Banco Boul. L\u00e9ger - Find a Banco - Groupe Banco - 16 stores\" \/>\n<meta property=\"og:description\" content=\"Several branches to better serve you. Find the Banco closest to you.\" \/>\n<meta property=\"og:url\" content=\"https:\/\/groupebanco.com\/en\/find-a-banco\/banco-boul-leger\/\" \/>\n<meta property=\"og:site_name\" content=\"Groupe Banco\" \/>\n<meta property=\"article:modified_time\" content=\"2025-03-11T17:57:04+00:00\" \/>\n<meta property=\"og:image\" content=\"https:\/\/groupebanco.com\/wp-content\/uploads\/2025\/03\/16Trouver_Banco_en.png\" \/>\n<meta name=\"twitter:card\" content=\"summary_large_image\" \/>\n<meta name=\"twitter:label1\" content=\"Est. reading time\" \/>\n\t<meta name=\"twitter:data1\" content=\"1 minute\" \/>\n<script type=\"application\/ld+json\" class=\"yoast-schema-graph\">{\"@context\":\"https:\/\/schema.org\",\"@graph\":[{\"@type\":\"WebPage\",\"@id\":\"https:\/\/groupebanco.com\/en\/find-a-banco\/banco-boul-leger\/\",\"url\":\"https:\/\/groupebanco.com\/en\/find-a-banco\/banco-boul-leger\/\",\"name\":\"Banco Boul. L\u00e9ger - Find a Banco - Groupe Banco - 16 stores\",\"isPartOf\":{\"@id\":\"https:\/\/groupebanco.com\/#website\"},\"primaryImageOfPage\":{\"@id\":\"https:\/\/groupebanco.com\/en\/find-a-banco\/banco-boul-leger\/#primaryimage\"},\"image\":{\"@id\":\"https:\/\/groupebanco.com\/en\/find-a-banco\/banco-boul-leger\/#primaryimage\"},\"thumbnailUrl\":\"https:\/\/groupebanco.com\/wp-content\/uploads\/2025\/03\/16Trouver_Banco_en.png\",\"datePublished\":\"2021-04-22T21:27:54+00:00\",\"dateModified\":\"2025-03-11T17:57:04+00:00\",\"description\":\"Several branches to better serve you. Find the Banco closest to you.\",\"breadcrumb\":{\"@id\":\"https:\/\/groupebanco.com\/en\/find-a-banco\/banco-boul-leger\/#breadcrumb\"},\"inLanguage\":\"en-US\",\"potentialAction\":[{\"@type\":\"ReadAction\",\"target\":[\"https:\/\/groupebanco.com\/en\/find-a-banco\/banco-boul-leger\/\"]}]},{\"@type\":\"ImageObject\",\"inLanguage\":\"en-US\",\"@id\":\"https:\/\/groupebanco.com\/en\/find-a-banco\/banco-boul-leger\/#primaryimage\",\"url\":\"https:\/\/groupebanco.com\/wp-content\/uploads\/2025\/03\/16Trouver_Banco_en.png\",\"contentUrl\":\"https:\/\/groupebanco.com\/wp-content\/uploads\/2025\/03\/16Trouver_Banco_en.png\"},{\"@type\":\"BreadcrumbList\",\"@id\":\"https:\/\/groupebanco.com\/en\/find-a-banco\/banco-boul-leger\/#breadcrumb\",\"itemListElement\":[{\"@type\":\"ListItem\",\"position\":1,\"name\":\"Home\",\"item\":\"https:\/\/groupebanco.com\/en\/\"},{\"@type\":\"ListItem\",\"position\":2,\"name\":\"Find a Banco\",\"item\":\"https:\/\/groupebanco.com\/trouver-un-banco\/\"},{\"@type\":\"ListItem\",\"position\":3,\"name\":\"Banco Boul. L\u00e9ger\"}]},{\"@type\":\"WebSite\",\"@id\":\"https:\/\/groupebanco.com\/#website\",\"url\":\"https:\/\/groupebanco.com\/\",\"name\":\"Groupe Banco\",\"description\":\"Achat - Vente - \u00c9change\",\"potentialAction\":[{\"@type\":\"SearchAction\",\"target\":{\"@type\":\"EntryPoint\",\"urlTemplate\":\"https:\/\/groupebanco.com\/?s={search_term_string}\"},\"query-input\":{\"@type\":\"PropertyValueSpecification\",\"valueRequired\":true,\"valueName\":\"search_term_string\"}}],\"inLanguage\":\"en-US\"}]}<\/script>\n<!-- \/ Yoast SEO plugin. -->","yoast_head_json":{"title":"Banco Boul. L\u00e9ger - Find a Banco - Groupe Banco - 16 stores","description":"Several branches to better serve you. Find the Banco closest to you.","robots":{"index":"index","follow":"follow","max-snippet":"max-snippet:-1","max-image-preview":"max-image-preview:large","max-video-preview":"max-video-preview:-1"},"canonical":"https:\/\/groupebanco.com\/en\/find-a-banco\/banco-boul-leger\/","og_locale":"en_US","og_type":"article","og_title":"Banco Boul. L\u00e9ger - Find a Banco - Groupe Banco - 16 stores","og_description":"Several branches to better serve you. Find the Banco closest to you.","og_url":"https:\/\/groupebanco.com\/en\/find-a-banco\/banco-boul-leger\/","og_site_name":"Groupe Banco","article_modified_time":"2025-03-11T17:57:04+00:00","og_image":[{"url":"https:\/\/groupebanco.com\/wp-content\/uploads\/2025\/03\/16Trouver_Banco_en.png","type":"","width":"","height":""}],"twitter_card":"summary_large_image","twitter_misc":{"Est. reading time":"1 minute"},"schema":{"@context":"https:\/\/schema.org","@graph":[{"@type":"WebPage","@id":"https:\/\/groupebanco.com\/en\/find-a-banco\/banco-boul-leger\/","url":"https:\/\/groupebanco.com\/en\/find-a-banco\/banco-boul-leger\/","name":"Banco Boul. L\u00e9ger - Find a Banco - Groupe Banco - 16 stores","isPartOf":{"@id":"https:\/\/groupebanco.com\/#website"},"primaryImageOfPage":{"@id":"https:\/\/groupebanco.com\/en\/find-a-banco\/banco-boul-leger\/#primaryimage"},"image":{"@id":"https:\/\/groupebanco.com\/en\/find-a-banco\/banco-boul-leger\/#primaryimage"},"thumbnailUrl":"https:\/\/groupebanco.com\/wp-content\/uploads\/2025\/03\/16Trouver_Banco_en.png","datePublished":"2021-04-22T21:27:54+00:00","dateModified":"2025-03-11T17:57:04+00:00","description":"Several branches to better serve you. Find the Banco closest to you.","breadcrumb":{"@id":"https:\/\/groupebanco.com\/en\/find-a-banco\/banco-boul-leger\/#breadcrumb"},"inLanguage":"en-US","potentialAction":[{"@type":"ReadAction","target":["https:\/\/groupebanco.com\/en\/find-a-banco\/banco-boul-leger\/"]}]},{"@type":"ImageObject","inLanguage":"en-US","@id":"https:\/\/groupebanco.com\/en\/find-a-banco\/banco-boul-leger\/#primaryimage","url":"https:\/\/groupebanco.com\/wp-content\/uploads\/2025\/03\/16Trouver_Banco_en.png","contentUrl":"https:\/\/groupebanco.com\/wp-content\/uploads\/2025\/03\/16Trouver_Banco_en.png"},{"@type":"BreadcrumbList","@id":"https:\/\/groupebanco.com\/en\/find-a-banco\/banco-boul-leger\/#breadcrumb","itemListElement":[{"@type":"ListItem","position":1,"name":"Home","item":"https:\/\/groupebanco.com\/en\/"},{"@type":"ListItem","position":2,"name":"Find a Banco","item":"https:\/\/groupebanco.com\/trouver-un-banco\/"},{"@type":"ListItem","position":3,"name":"Banco Boul. L\u00e9ger"}]},{"@type":"WebSite","@id":"https:\/\/groupebanco.com\/#website","url":"https:\/\/groupebanco.com\/","name":"Groupe Banco","description":"Achat - Vente - \u00c9change","potentialAction":[{"@type":"SearchAction","target":{"@type":"EntryPoint","urlTemplate":"https:\/\/groupebanco.com\/?s={search_term_string}"},"query-input":{"@type":"PropertyValueSpecification","valueRequired":true,"valueName":"search_term_string"}}],"inLanguage":"en-US"}]}},"_links":{"self":[{"href":"https:\/\/groupebanco.com\/en\/wp-json\/wp\/v2\/pages\/49934","targetHints":{"allow":["GET"]}}],"collection":[{"href":"https:\/\/groupebanco.com\/en\/wp-json\/wp\/v2\/pages"}],"about":[{"href":"https:\/\/groupebanco.com\/en\/wp-json\/wp\/v2\/types\/page"}],"author":[{"embeddable":true,"href":"https:\/\/groupebanco.com\/en\/wp-json\/wp\/v2\/users\/1"}],"replies":[{"embeddable":true,"href":"https:\/\/groupebanco.com\/en\/wp-json\/wp\/v2\/comments?post=49934"}],"version-history":[{"count":12,"href":"https:\/\/groupebanco.com\/en\/wp-json\/wp\/v2\/pages\/49934\/revisions"}],"predecessor-version":[{"id":668948,"href":"https:\/\/groupebanco.com\/en\/wp-json\/wp\/v2\/pages\/49934\/revisions\/668948"}],"up":[{"embeddable":true,"href":"https:\/\/groupebanco.com\/en\/wp-json\/wp\/v2\/pages\/49868"}],"wp:attachment":[{"href":"https:\/\/groupebanco.com\/en\/wp-json\/wp\/v2\/media?parent=49934"}],"curies":[{"name":"wp","href":"https:\/\/api.w.org\/{rel}","templated":true}]}}