{"id":710713,"date":"2025-10-31T00:00:02","date_gmt":"2025-10-31T00:00:02","guid":{"rendered":"https:\/\/groupebanco.com\/produit\/acc-de-camera-a-detailler-svp-noir-5\/"},"modified":"2026-04-18T07:05:03","modified_gmt":"2026-04-18T07:05:03","slug":"acc-de-camera-a-detailler-svp-noir-5","status":"publish","type":"product","link":"https:\/\/groupebanco.com\/en\/produit\/acc-de-camera-a-detailler-svp-noir-5\/","title":{"rendered":"T\u00c9L\u00c9COMMANDE POUR CAM\u00c9RA"},"content":{"rendered":"<p>T\u00c9L\u00c9COMMANDE POUR CAM\u00c9RA<\/p>\n","protected":false},"excerpt":{"rendered":"<p>T\u00c9L\u00c9COMMANDE POUR CAM\u00c9RA<\/p>\n","protected":false},"featured_media":710714,"template":"","meta":[],"product_brand":[229],"product_cat":[3067],"product_tag":[],"class_list":{"0":"post-710713","1":"product","2":"type-product","3":"status-publish","4":"has-post-thumbnail","6":"product_brand-canon","7":"product_cat-cameras-and-camcorders","10":"first","11":"instock","12":"shipping-taxable","13":"product-type-simple"},"yoast_head":"<!-- This site is optimized with the Yoast SEO plugin v25.8 - https:\/\/yoast.com\/wordpress\/plugins\/seo\/ -->\n<title>T\u00c9L\u00c9COMMANDE POUR CAM\u00c9RA - Groupe Banco<\/title>\n<meta name=\"robots\" content=\"index, follow, max-snippet:-1, max-image-preview:large, max-video-preview:-1\" \/>\n<link rel=\"canonical\" href=\"https:\/\/groupebanco.com\/en\/produit\/acc-de-camera-a-detailler-svp-noir-5\/\" \/>\n<meta property=\"og:locale\" content=\"en_US\" \/>\n<meta property=\"og:type\" content=\"article\" \/>\n<meta property=\"og:title\" content=\"T\u00c9L\u00c9COMMANDE POUR CAM\u00c9RA - Groupe Banco\" \/>\n<meta property=\"og:description\" content=\"T\u00c9L\u00c9COMMANDE POUR CAM\u00c9RA\" \/>\n<meta property=\"og:url\" content=\"https:\/\/groupebanco.com\/en\/produit\/acc-de-camera-a-detailler-svp-noir-5\/\" \/>\n<meta property=\"og:site_name\" content=\"Groupe Banco\" \/>\n<meta property=\"article:modified_time\" content=\"2026-04-18T07:05:03+00:00\" \/>\n<meta property=\"og:image\" content=\"https:\/\/groupebanco.com\/wp-content\/uploads\/2025\/10\/59039799273213799946.jpg\" \/>\n\t<meta property=\"og:image:width\" content=\"1280\" \/>\n\t<meta property=\"og:image:height\" content=\"720\" \/>\n\t<meta property=\"og:image:type\" content=\"image\/jpeg\" \/>\n<meta name=\"twitter:card\" content=\"summary_large_image\" \/>\n<script type=\"application\/ld+json\" class=\"yoast-schema-graph\">{\"@context\":\"https:\/\/schema.org\",\"@graph\":[{\"@type\":\"WebPage\",\"@id\":\"https:\/\/groupebanco.com\/en\/produit\/acc-de-camera-a-detailler-svp-noir-5\/\",\"url\":\"https:\/\/groupebanco.com\/en\/produit\/acc-de-camera-a-detailler-svp-noir-5\/\",\"name\":\"T\u00c9L\u00c9COMMANDE POUR CAM\u00c9RA - Groupe Banco\",\"isPartOf\":{\"@id\":\"https:\/\/groupebanco.com\/#website\"},\"primaryImageOfPage\":{\"@id\":\"https:\/\/groupebanco.com\/en\/produit\/acc-de-camera-a-detailler-svp-noir-5\/#primaryimage\"},\"image\":{\"@id\":\"https:\/\/groupebanco.com\/en\/produit\/acc-de-camera-a-detailler-svp-noir-5\/#primaryimage\"},\"thumbnailUrl\":\"https:\/\/groupebanco.com\/wp-content\/uploads\/2025\/10\/59039799273213799946.jpg\",\"datePublished\":\"2025-10-31T00:00:02+00:00\",\"dateModified\":\"2026-04-18T07:05:03+00:00\",\"breadcrumb\":{\"@id\":\"https:\/\/groupebanco.com\/en\/produit\/acc-de-camera-a-detailler-svp-noir-5\/#breadcrumb\"},\"inLanguage\":\"en-US\",\"potentialAction\":[{\"@type\":\"ReadAction\",\"target\":[\"https:\/\/groupebanco.com\/en\/produit\/acc-de-camera-a-detailler-svp-noir-5\/\"]}]},{\"@type\":\"ImageObject\",\"inLanguage\":\"en-US\",\"@id\":\"https:\/\/groupebanco.com\/en\/produit\/acc-de-camera-a-detailler-svp-noir-5\/#primaryimage\",\"url\":\"https:\/\/groupebanco.com\/wp-content\/uploads\/2025\/10\/59039799273213799946.jpg\",\"contentUrl\":\"https:\/\/groupebanco.com\/wp-content\/uploads\/2025\/10\/59039799273213799946.jpg\",\"width\":1280,\"height\":720},{\"@type\":\"BreadcrumbList\",\"@id\":\"https:\/\/groupebanco.com\/en\/produit\/acc-de-camera-a-detailler-svp-noir-5\/#breadcrumb\",\"itemListElement\":[{\"@type\":\"ListItem\",\"position\":1,\"name\":\"Home\",\"item\":\"https:\/\/groupebanco.com\/en\/\"},{\"@type\":\"ListItem\",\"position\":2,\"name\":\"Nos produits\",\"item\":\"https:\/\/groupebanco.com\/nos-produits\/\"},{\"@type\":\"ListItem\",\"position\":3,\"name\":\"T\u00c9L\u00c9COMMANDE POUR CAM\u00c9RA\"}]},{\"@type\":\"WebSite\",\"@id\":\"https:\/\/groupebanco.com\/#website\",\"url\":\"https:\/\/groupebanco.com\/\",\"name\":\"Groupe Banco\",\"description\":\"Achat - Vente - \u00c9change\",\"potentialAction\":[{\"@type\":\"SearchAction\",\"target\":{\"@type\":\"EntryPoint\",\"urlTemplate\":\"https:\/\/groupebanco.com\/?s={search_term_string}\"},\"query-input\":{\"@type\":\"PropertyValueSpecification\",\"valueRequired\":true,\"valueName\":\"search_term_string\"}}],\"inLanguage\":\"en-US\"}]}<\/script>\n<!-- \/ Yoast SEO plugin. -->","yoast_head_json":{"title":"T\u00c9L\u00c9COMMANDE POUR CAM\u00c9RA - Groupe Banco","robots":{"index":"index","follow":"follow","max-snippet":"max-snippet:-1","max-image-preview":"max-image-preview:large","max-video-preview":"max-video-preview:-1"},"canonical":"https:\/\/groupebanco.com\/en\/produit\/acc-de-camera-a-detailler-svp-noir-5\/","og_locale":"en_US","og_type":"article","og_title":"T\u00c9L\u00c9COMMANDE POUR CAM\u00c9RA - Groupe Banco","og_description":"T\u00c9L\u00c9COMMANDE POUR CAM\u00c9RA","og_url":"https:\/\/groupebanco.com\/en\/produit\/acc-de-camera-a-detailler-svp-noir-5\/","og_site_name":"Groupe Banco","article_modified_time":"2026-04-18T07:05:03+00:00","og_image":[{"width":1280,"height":720,"url":"https:\/\/groupebanco.com\/wp-content\/uploads\/2025\/10\/59039799273213799946.jpg","type":"image\/jpeg"}],"twitter_card":"summary_large_image","schema":{"@context":"https:\/\/schema.org","@graph":[{"@type":"WebPage","@id":"https:\/\/groupebanco.com\/en\/produit\/acc-de-camera-a-detailler-svp-noir-5\/","url":"https:\/\/groupebanco.com\/en\/produit\/acc-de-camera-a-detailler-svp-noir-5\/","name":"T\u00c9L\u00c9COMMANDE POUR CAM\u00c9RA - Groupe Banco","isPartOf":{"@id":"https:\/\/groupebanco.com\/#website"},"primaryImageOfPage":{"@id":"https:\/\/groupebanco.com\/en\/produit\/acc-de-camera-a-detailler-svp-noir-5\/#primaryimage"},"image":{"@id":"https:\/\/groupebanco.com\/en\/produit\/acc-de-camera-a-detailler-svp-noir-5\/#primaryimage"},"thumbnailUrl":"https:\/\/groupebanco.com\/wp-content\/uploads\/2025\/10\/59039799273213799946.jpg","datePublished":"2025-10-31T00:00:02+00:00","dateModified":"2026-04-18T07:05:03+00:00","breadcrumb":{"@id":"https:\/\/groupebanco.com\/en\/produit\/acc-de-camera-a-detailler-svp-noir-5\/#breadcrumb"},"inLanguage":"en-US","potentialAction":[{"@type":"ReadAction","target":["https:\/\/groupebanco.com\/en\/produit\/acc-de-camera-a-detailler-svp-noir-5\/"]}]},{"@type":"ImageObject","inLanguage":"en-US","@id":"https:\/\/groupebanco.com\/en\/produit\/acc-de-camera-a-detailler-svp-noir-5\/#primaryimage","url":"https:\/\/groupebanco.com\/wp-content\/uploads\/2025\/10\/59039799273213799946.jpg","contentUrl":"https:\/\/groupebanco.com\/wp-content\/uploads\/2025\/10\/59039799273213799946.jpg","width":1280,"height":720},{"@type":"BreadcrumbList","@id":"https:\/\/groupebanco.com\/en\/produit\/acc-de-camera-a-detailler-svp-noir-5\/#breadcrumb","itemListElement":[{"@type":"ListItem","position":1,"name":"Home","item":"https:\/\/groupebanco.com\/en\/"},{"@type":"ListItem","position":2,"name":"Nos produits","item":"https:\/\/groupebanco.com\/nos-produits\/"},{"@type":"ListItem","position":3,"name":"T\u00c9L\u00c9COMMANDE POUR CAM\u00c9RA"}]},{"@type":"WebSite","@id":"https:\/\/groupebanco.com\/#website","url":"https:\/\/groupebanco.com\/","name":"Groupe Banco","description":"Achat - Vente - \u00c9change","potentialAction":[{"@type":"SearchAction","target":{"@type":"EntryPoint","urlTemplate":"https:\/\/groupebanco.com\/?s={search_term_string}"},"query-input":{"@type":"PropertyValueSpecification","valueRequired":true,"valueName":"search_term_string"}}],"inLanguage":"en-US"}]}},"_links":{"self":[{"href":"https:\/\/groupebanco.com\/en\/wp-json\/wp\/v2\/product\/710713","targetHints":{"allow":["GET"]}}],"collection":[{"href":"https:\/\/groupebanco.com\/en\/wp-json\/wp\/v2\/product"}],"about":[{"href":"https:\/\/groupebanco.com\/en\/wp-json\/wp\/v2\/types\/product"}],"wp:featuredmedia":[{"embeddable":true,"href":"https:\/\/groupebanco.com\/en\/wp-json\/wp\/v2\/media\/710714"}],"wp:attachment":[{"href":"https:\/\/groupebanco.com\/en\/wp-json\/wp\/v2\/media?parent=710713"}],"wp:term":[{"taxonomy":"product_brand","embeddable":true,"href":"https:\/\/groupebanco.com\/en\/wp-json\/wp\/v2\/product_brand?post=710713"},{"taxonomy":"product_cat","embeddable":true,"href":"https:\/\/groupebanco.com\/en\/wp-json\/wp\/v2\/product_cat?post=710713"},{"taxonomy":"product_tag","embeddable":true,"href":"https:\/\/groupebanco.com\/en\/wp-json\/wp\/v2\/product_tag?post=710713"}],"curies":[{"name":"wp","href":"https:\/\/api.w.org\/{rel}","templated":true}]}}